{"id":9619,"date":"2024-04-25T12:24:50","date_gmt":"2024-04-25T10:24:50","guid":{"rendered":"https:\/\/geko.cloud\/?page_id=9619"},"modified":"2024-05-02T10:54:06","modified_gmt":"2024-05-02T08:54:06","slug":"newsletter","status":"publish","type":"page","link":"https:\/\/geko.cloud\/es\/newsletter\/","title":{"rendered":"Newsletter"},"content":{"rendered":"\t\t<div data-elementor-type=\"wp-page\" data-elementor-id=\"9619\" class=\"elementor elementor-9619\" data-elementor-settings=\"[]\">\n\t\t\t\t\t\t<div class=\"elementor-inner\">\n\t\t\t\t\t\t\t<div class=\"elementor-section-wrap\">\n\t\t\t\t\t\t\t<section class=\"elementor-section elementor-top-section elementor-element elementor-element-496f147 elementor-section-height-min-height elementor-hidden-tablet elementor-hidden-phone elementor-section-boxed elementor-section-height-default elementor-section-items-middle\" data-id=\"496f147\" data-element_type=\"section\" data-settings=\"{&quot;background_background&quot;:&quot;classic&quot;}\">\n\t\t\t\t\t\t\t<div class=\"elementor-background-overlay\"><\/div>\n\t\t\t\t\t\t\t<div class=\"elementor-container elementor-column-gap-default\">\n\t\t\t\t\t\t\t<div class=\"elementor-row\">\n\t\t\t\t\t<div class=\"elementor-column elementor-col-50 elementor-top-column elementor-element elementor-element-d3ccc63\" data-id=\"d3ccc63\" data-element_type=\"column\">\n\t\t\t<div class=\"elementor-column-wrap elementor-element-populated\">\n\t\t\t\t\t\t\t<div class=\"elementor-widget-wrap\">\n\t\t\t\t\t\t<div class=\"elementor-element elementor-element-f198d30 elementor-widget elementor-widget-spacer\" data-id=\"f198d30\" data-element_type=\"widget\" data-widget_type=\"spacer.default\">\n\t\t\t\t<div class=\"elementor-widget-container\">\n\t\t\t\t\t<div class=\"elementor-spacer\">\n\t\t\t<div class=\"elementor-spacer-inner\"><\/div>\n\t\t<\/div>\n\t\t\t\t<\/div>\n\t\t\t\t<\/div>\n\t\t\t\t\t\t<\/div>\n\t\t\t\t\t<\/div>\n\t\t<\/div>\n\t\t\t\t<div class=\"elementor-column elementor-col-50 elementor-top-column elementor-element elementor-element-7ce60dc elementor-hidden-tablet elementor-hidden-phone\" data-id=\"7ce60dc\" data-element_type=\"column\">\n\t\t\t<div class=\"elementor-column-wrap\">\n\t\t\t\t\t\t\t<div class=\"elementor-widget-wrap\">\n\t\t\t\t\t\t\t\t<\/div>\n\t\t\t\t\t<\/div>\n\t\t<\/div>\n\t\t\t\t\t\t\t\t<\/div>\n\t\t\t\t\t<\/div>\n\t\t<\/section>\n\t\t\t\t<section class=\"elementor-section elementor-top-section elementor-element elementor-element-69c8f9d elementor-hidden-desktop elementor-section-boxed elementor-section-height-default elementor-section-height-default\" data-id=\"69c8f9d\" data-element_type=\"section\" data-settings=\"{&quot;background_background&quot;:&quot;classic&quot;}\">\n\t\t\t\t\t\t\t<div class=\"elementor-background-overlay\"><\/div>\n\t\t\t\t\t\t\t<div class=\"elementor-container elementor-column-gap-default\">\n\t\t\t\t\t\t\t<div class=\"elementor-row\">\n\t\t\t\t\t<div class=\"elementor-column elementor-col-100 elementor-top-column elementor-element elementor-element-899c93f\" data-id=\"899c93f\" data-element_type=\"column\">\n\t\t\t<div class=\"elementor-column-wrap elementor-element-populated\">\n\t\t\t\t\t\t\t<div class=\"elementor-widget-wrap\">\n\t\t\t\t\t\t<div class=\"elementor-element elementor-element-20af03e elementor-widget elementor-widget-spacer\" data-id=\"20af03e\" data-element_type=\"widget\" data-widget_type=\"spacer.default\">\n\t\t\t\t<div class=\"elementor-widget-container\">\n\t\t\t\t\t<div class=\"elementor-spacer\">\n\t\t\t<div class=\"elementor-spacer-inner\"><\/div>\n\t\t<\/div>\n\t\t\t\t<\/div>\n\t\t\t\t<\/div>\n\t\t\t\t\t\t<\/div>\n\t\t\t\t\t<\/div>\n\t\t<\/div>\n\t\t\t\t\t\t\t\t<\/div>\n\t\t\t\t\t<\/div>\n\t\t<\/section>\n\t\t\t\t<section class=\"elementor-section elementor-top-section elementor-element elementor-element-f68995b elementor-section-height-min-height elementor-hidden-desktop elementor-section-boxed elementor-section-height-default elementor-section-items-middle\" data-id=\"f68995b\" data-element_type=\"section\" data-settings=\"{&quot;background_background&quot;:&quot;classic&quot;,&quot;shape_divider_top&quot;:&quot;tilt&quot;}\">\n\t\t\t\t\t\t\t<div class=\"elementor-background-overlay\"><\/div>\n\t\t\t\t\t\t<div class=\"elementor-shape elementor-shape-top\" data-negative=\"false\">\n\t\t\t<svg xmlns=\"http:\/\/www.w3.org\/2000\/svg\" viewBox=\"0 0 1000 100\" preserveAspectRatio=\"none\">\n\t<path class=\"elementor-shape-fill\" d=\"M0,6V0h1000v100L0,6z\"\/>\n<\/svg>\t\t<\/div>\n\t\t\t\t\t<div class=\"elementor-container elementor-column-gap-default\">\n\t\t\t\t\t\t\t<div class=\"elementor-row\">\n\t\t\t\t\t<div class=\"elementor-column elementor-col-50 elementor-top-column elementor-element elementor-element-532566e\" data-id=\"532566e\" data-element_type=\"column\">\n\t\t\t<div class=\"elementor-column-wrap elementor-element-populated\">\n\t\t\t\t\t\t\t<div class=\"elementor-widget-wrap\">\n\t\t\t\t\t\t<div class=\"elementor-element elementor-element-c1488c9 elementor-widget elementor-widget-spacer\" data-id=\"c1488c9\" data-element_type=\"widget\" data-widget_type=\"spacer.default\">\n\t\t\t\t<div class=\"elementor-widget-container\">\n\t\t\t\t\t<div class=\"elementor-spacer\">\n\t\t\t<div class=\"elementor-spacer-inner\"><\/div>\n\t\t<\/div>\n\t\t\t\t<\/div>\n\t\t\t\t<\/div>\n\t\t\t\t\t\t<\/div>\n\t\t\t\t\t<\/div>\n\t\t<\/div>\n\t\t\t\t<div class=\"elementor-column elementor-col-50 elementor-top-column elementor-element elementor-element-98e9d90 elementor-hidden-tablet elementor-hidden-phone\" data-id=\"98e9d90\" data-element_type=\"column\">\n\t\t\t<div class=\"elementor-column-wrap\">\n\t\t\t\t\t\t\t<div class=\"elementor-widget-wrap\">\n\t\t\t\t\t\t\t\t<\/div>\n\t\t\t\t\t<\/div>\n\t\t<\/div>\n\t\t\t\t\t\t\t\t<\/div>\n\t\t\t\t\t<\/div>\n\t\t<\/section>\n\t\t\t\t<section class=\"elementor-section elementor-top-section elementor-element elementor-element-e771041 elementor-section-boxed elementor-section-height-default elementor-section-height-default\" data-id=\"e771041\" data-element_type=\"section\">\n\t\t\t\t\t\t<div class=\"elementor-container elementor-column-gap-default\">\n\t\t\t\t\t\t\t<div class=\"elementor-row\">\n\t\t\t\t\t<div class=\"elementor-column elementor-col-50 elementor-top-column elementor-element elementor-element-28b1eb9\" data-id=\"28b1eb9\" data-element_type=\"column\">\n\t\t\t<div class=\"elementor-column-wrap elementor-element-populated\">\n\t\t\t\t\t\t\t<div class=\"elementor-widget-wrap\">\n\t\t\t\t\t\t<div class=\"elementor-element elementor-element-367a50a elementor-widget elementor-widget-heading\" data-id=\"367a50a\" data-element_type=\"widget\" data-widget_type=\"heading.default\">\n\t\t\t\t<div class=\"elementor-widget-container\">\n\t\t\t<h3 class=\"elementor-heading-title elementor-size-default\">Suscr\u00edbete a Kloudletter<\/h3>\t\t<\/div>\n\t\t\t\t<\/div>\n\t\t\t\t<div class=\"elementor-element elementor-element-dd23fd4 elementor-widget elementor-widget-text-editor\" data-id=\"dd23fd4\" data-element_type=\"widget\" data-widget_type=\"text-editor.default\">\n\t\t\t\t<div class=\"elementor-widget-container\">\n\t\t\t\t\t\t\t\t<div class=\"elementor-text-editor elementor-clearfix\">\n\t\t\t\t<p>Nuestra newsletter mensual con reflexiones, art\u00edculos y tendencias sobre cloud.<\/p>\t\t\t\t\t<\/div>\n\t\t\t\t\t\t<\/div>\n\t\t\t\t<\/div>\n\t\t\t\t\t\t<\/div>\n\t\t\t\t\t<\/div>\n\t\t<\/div>\n\t\t\t\t<div class=\"elementor-column elementor-col-50 elementor-top-column elementor-element elementor-element-c37ba25\" data-id=\"c37ba25\" data-element_type=\"column\" data-settings=\"{&quot;background_background&quot;:&quot;classic&quot;}\">\n\t\t\t<div class=\"elementor-column-wrap elementor-element-populated\">\n\t\t\t\t\t\t\t<div class=\"elementor-widget-wrap\">\n\t\t\t\t\t\t<div class=\"elementor-element elementor-element-dcf4720 elementor-button-align-start elementor-widget elementor-widget-form\" data-id=\"dcf4720\" data-element_type=\"widget\" data-settings=\"{&quot;step_next_label&quot;:&quot;Next&quot;,&quot;step_previous_label&quot;:&quot;Previous&quot;,&quot;button_width&quot;:&quot;100&quot;,&quot;step_type&quot;:&quot;number_text&quot;,&quot;step_icon_shape&quot;:&quot;circle&quot;}\" data-widget_type=\"form.default\">\n\t\t\t\t<div class=\"elementor-widget-container\">\n\t\t\t\t\t<form class=\"elementor-form\" method=\"post\" name=\"Formulario contacto\">\n\t\t\t<input type=\"hidden\" name=\"post_id\" value=\"9619\"\/>\n\t\t\t<input type=\"hidden\" name=\"form_id\" value=\"dcf4720\"\/>\n\t\t\t<input type=\"hidden\" name=\"referer_title\" value=\"Geko Cloud\" \/>\n\n\t\t\t\n\t\t\t<div class=\"elementor-form-fields-wrapper elementor-labels-above\">\n\t\t\t\t\t\t\t\t<div class=\"elementor-field-type-text elementor-field-group elementor-column elementor-field-group-nombre elementor-col-50\">\n\t\t\t\t\t<label for=\"form-field-nombre\" class=\"elementor-field-label\">Nombre<\/label><input size=\"1\" type=\"text\" name=\"form_fields[nombre]\" id=\"form-field-nombre\" class=\"elementor-field elementor-size-sm  elementor-field-textual\">\t\t\t\t<\/div>\n\t\t\t\t\t\t\t\t<div class=\"elementor-field-type-email elementor-field-group elementor-column elementor-field-group-email elementor-col-50 elementor-field-required\">\n\t\t\t\t\t<label for=\"form-field-email\" class=\"elementor-field-label\">Correo<\/label><input size=\"1\" type=\"email\" name=\"form_fields[email]\" id=\"form-field-email\" class=\"elementor-field elementor-size-sm  elementor-field-textual\" required=\"required\" aria-required=\"true\">\t\t\t\t<\/div>\n\t\t\t\t\t\t\t\t<div class=\"elementor-field-type-text elementor-field-group elementor-column elementor-field-group-empresa elementor-col-100\">\n\t\t\t\t\t<label for=\"form-field-empresa\" class=\"elementor-field-label\">Empresa<\/label><input size=\"1\" type=\"text\" name=\"form_fields[empresa]\" id=\"form-field-empresa\" class=\"elementor-field elementor-size-sm  elementor-field-textual\">\t\t\t\t<\/div>\n\t\t\t\t\t\t\t\t<div class=\"elementor-field-type-acceptance elementor-field-group elementor-column elementor-field-group-field_0b1a92d elementor-col-100 elementor-field-required\">\n\t\t\t\t\t<div class=\"elementor-field-subgroup\"><span class=\"elementor-field-option\"><input type=\"checkbox\" name=\"form_fields[field_0b1a92d]\" id=\"form-field-field_0b1a92d\" class=\"elementor-field elementor-size-sm  elementor-acceptance-field\" required=\"required\" aria-required=\"true\"> <label for=\"form-field-field_0b1a92d\">He le\u00eddo la pol\u00edtica de Privacidad y acepto permitir a Geko Cloud almacenar y procesar mis datos personales<br>  <br>GEKO CLOUD, S.L.\nPrestar los servicios ofrecidos a trav\u00e9s de la web o atender otros tipos de relaciones que puedan surgir con GEKO CLOUD, S.L. como consecuencia de las solicitudes, gestiones o tr\u00e1mites que el usuario realice mediante la web.\nConsentimiento del interesado seg\u00fan lo dispuesto en el Reglamento (UE) 2016\/679 y la LOPDGDD 3\/2018\nFichero interno automatizado de GEKO CLOUD, S.L. y terceros para el desarrollo, mantenimiento y control de la relaci\u00f3n jur\u00eddica que se establezca cuando exista autorizaci\u00f3n legal por el usuario para hacerlo.\nAcceso, rectificaci\u00f3n, cesi\u00f3n, oposici\u00f3n y supresi\u00f3n. \nPuede obtener toda la Informaci\u00f3n adicional y detallada que precise sobre el tratamiento y protecci\u00f3n de sus datos personales en el enlace geko.cloud\/es\/politica-de-privacidad<\/label><\/span><\/div>\t\t\t\t<\/div>\n\t\t\t\t\t\t\t\t<div class=\"elementor-field-type-recaptcha_v3 elementor-field-group elementor-column elementor-field-group-field_3cd047c elementor-col-100 recaptcha_v3-bottomright\">\n\t\t\t\t\t<div class=\"elementor-field\" id=\"form-field-field_3cd047c\"><div class=\"elementor-g-recaptcha\" data-sitekey=\"6Ldd2GscAAAAAP535Oyh6U80VKDS4NbUKrJFi5Cw\" data-type=\"v3\" data-action=\"Form\" data-badge=\"bottomright\" data-size=\"invisible\"><\/div><\/div>\t\t\t\t<\/div>\n\t\t\t\t\t\t\t\t<div class=\"elementor-field-group elementor-column elementor-field-type-submit elementor-col-100 e-form__buttons\">\n\t\t\t\t\t<button type=\"submit\" class=\"elementor-button elementor-size-sm\">\n\t\t\t\t\t\t<span >\n\t\t\t\t\t\t\t\t\t\t\t\t\t\t\t<span class=\" elementor-button-icon\">\n\t\t\t\t\t\t\t\t\t\t\t\t\t\t\t\t\t\t\t\t\t\t\t\t\t\t<\/span>\n\t\t\t\t\t\t\t\t\t\t\t\t\t\t\t\t\t\t\t\t\t\t<span class=\"elementor-button-text\">Enviar<\/span>\n\t\t\t\t\t\t\t\t\t\t\t\t\t<\/span>\n\t\t\t\t\t<\/button>\n\t\t\t\t<\/div>\n\t\t\t<\/div>\n\t\t<\/form>\n\t\t\t\t<\/div>\n\t\t\t\t<\/div>\n\t\t\t\t\t\t<\/div>\n\t\t\t\t\t<\/div>\n\t\t<\/div>\n\t\t\t\t\t\t\t\t<\/div>\n\t\t\t\t\t<\/div>\n\t\t<\/section>\n\t\t\t\t\t\t<\/div>\n\t\t\t\t\t\t<\/div>\n\t\t\t\t\t<\/div>\n\t\t","protected":false},"excerpt":{"rendered":"<p>Suscr\u00edbete a Kloudletter Nuestra newsletter mensual con reflexiones, art\u00edculos y tendencias sobre cloud.<\/p>\n","protected":false},"author":2,"featured_media":0,"parent":0,"menu_order":0,"comment_status":"closed","ping_status":"closed","template":"","meta":{"inline_featured_image":false,"footnotes":""},"yoast_head":"<!-- This site is optimized with the Yoast SEO plugin v22.5 - https:\/\/yoast.com\/wordpress\/plugins\/seo\/ -->\n<title>Suscr\u00edbete a la newsletter de Geko Cloud<\/title>\n<meta name=\"description\" content=\"Rellena el formulario para recibir por correo las novedades de Geko Cloud\" \/>\n<meta name=\"robots\" content=\"index, follow, max-snippet:-1, max-image-preview:large, max-video-preview:-1\" \/>\n<link rel=\"canonical\" href=\"https:\/\/geko.cloud\/es\/newsletter\/\" \/>\n<meta property=\"og:locale\" content=\"es_ES\" \/>\n<meta property=\"og:type\" content=\"article\" \/>\n<meta property=\"og:title\" content=\"Suscr\u00edbete a la newsletter de Geko Cloud\" \/>\n<meta property=\"og:description\" content=\"Rellena el formulario para recibir por correo las novedades de Geko Cloud\" \/>\n<meta property=\"og:url\" content=\"https:\/\/geko.cloud\/es\/newsletter\/\" \/>\n<meta property=\"og:site_name\" content=\"Geko Cloud\" \/>\n<meta property=\"article:modified_time\" content=\"2024-05-02T08:54:06+00:00\" \/>\n<meta property=\"og:image\" content=\"https:\/\/geko.cloud\/wp-content\/uploads\/2021\/08\/geko-cloud-contacto.jpg\" \/>\n\t<meta property=\"og:image:width\" content=\"2001\" \/>\n\t<meta property=\"og:image:height\" content=\"1248\" \/>\n\t<meta property=\"og:image:type\" content=\"image\/jpeg\" \/>\n<meta name=\"twitter:card\" content=\"summary_large_image\" \/>\n<meta name=\"twitter:image\" content=\"https:\/\/geko.cloud\/wp-content\/uploads\/2021\/08\/geko-cloud-contacto.jpg\" \/>\n<meta name=\"twitter:site\" content=\"@geko_cloud\" \/>\n<script type=\"application\/ld+json\" class=\"yoast-schema-graph\">{\"@context\":\"https:\/\/schema.org\",\"@graph\":[{\"@type\":\"WebPage\",\"@id\":\"https:\/\/geko.cloud\/es\/newsletter\/\",\"url\":\"https:\/\/geko.cloud\/es\/newsletter\/\",\"name\":\"Suscr\u00edbete a la newsletter de Geko Cloud\",\"isPartOf\":{\"@id\":\"https:\/\/geko.cloud\/es\/#website\"},\"datePublished\":\"2024-04-25T10:24:50+00:00\",\"dateModified\":\"2024-05-02T08:54:06+00:00\",\"description\":\"Rellena el formulario para recibir por correo las novedades de Geko Cloud\",\"breadcrumb\":{\"@id\":\"https:\/\/geko.cloud\/es\/newsletter\/#breadcrumb\"},\"inLanguage\":\"es\",\"potentialAction\":[{\"@type\":\"ReadAction\",\"target\":[\"https:\/\/geko.cloud\/es\/newsletter\/\"]}]},{\"@type\":\"BreadcrumbList\",\"@id\":\"https:\/\/geko.cloud\/es\/newsletter\/#breadcrumb\",\"itemListElement\":[{\"@type\":\"ListItem\",\"position\":1,\"name\":\"Portada\",\"item\":\"https:\/\/geko.cloud\/es\/\"},{\"@type\":\"ListItem\",\"position\":2,\"name\":\"Newsletter\"}]},{\"@type\":\"WebSite\",\"@id\":\"https:\/\/geko.cloud\/es\/#website\",\"url\":\"https:\/\/geko.cloud\/es\/\",\"name\":\"Geko Cloud\",\"description\":\"Servicios de consultor\u00eda cloud y devops\",\"publisher\":{\"@id\":\"https:\/\/geko.cloud\/es\/#organization\"},\"potentialAction\":[{\"@type\":\"SearchAction\",\"target\":{\"@type\":\"EntryPoint\",\"urlTemplate\":\"https:\/\/geko.cloud\/es\/?s={search_term_string}\"},\"query-input\":\"required name=search_term_string\"}],\"inLanguage\":\"es\"},{\"@type\":\"Organization\",\"@id\":\"https:\/\/geko.cloud\/es\/#organization\",\"name\":\"Geko Cloud\",\"url\":\"https:\/\/geko.cloud\/es\/\",\"logo\":{\"@type\":\"ImageObject\",\"inLanguage\":\"es\",\"@id\":\"https:\/\/geko.cloud\/es\/#\/schema\/logo\/image\/\",\"url\":\"https:\/\/geko.cloud\/wp-content\/uploads\/2021\/10\/geko_logo-positivo.png\",\"contentUrl\":\"https:\/\/geko.cloud\/wp-content\/uploads\/2021\/10\/geko_logo-positivo.png\",\"width\":1650,\"height\":809,\"caption\":\"Geko Cloud\"},\"image\":{\"@id\":\"https:\/\/geko.cloud\/es\/#\/schema\/logo\/image\/\"},\"sameAs\":[\"https:\/\/x.com\/geko_cloud\",\"https:\/\/www.instagram.com\/gekocloud\/\",\"https:\/\/www.linkedin.com\/company\/gekocloud\",\"https:\/\/www.youtube.com\/channel\/UC5EFLCqUM7fEaXSa_0nWowQ\"]}]}<\/script>\n<!-- \/ Yoast SEO plugin. -->","yoast_head_json":{"title":"Suscr\u00edbete a la newsletter de Geko Cloud","description":"Rellena el formulario para recibir por correo las novedades de Geko Cloud","robots":{"index":"index","follow":"follow","max-snippet":"max-snippet:-1","max-image-preview":"max-image-preview:large","max-video-preview":"max-video-preview:-1"},"canonical":"https:\/\/geko.cloud\/es\/newsletter\/","og_locale":"es_ES","og_type":"article","og_title":"Suscr\u00edbete a la newsletter de Geko Cloud","og_description":"Rellena el formulario para recibir por correo las novedades de Geko Cloud","og_url":"https:\/\/geko.cloud\/es\/newsletter\/","og_site_name":"Geko Cloud","article_modified_time":"2024-05-02T08:54:06+00:00","og_image":[{"width":2001,"height":1248,"url":"https:\/\/geko.cloud\/wp-content\/uploads\/2021\/08\/geko-cloud-contacto.jpg","type":"image\/jpeg"}],"twitter_card":"summary_large_image","twitter_image":"https:\/\/geko.cloud\/wp-content\/uploads\/2021\/08\/geko-cloud-contacto.jpg","twitter_site":"@geko_cloud","schema":{"@context":"https:\/\/schema.org","@graph":[{"@type":"WebPage","@id":"https:\/\/geko.cloud\/es\/newsletter\/","url":"https:\/\/geko.cloud\/es\/newsletter\/","name":"Suscr\u00edbete a la newsletter de Geko Cloud","isPartOf":{"@id":"https:\/\/geko.cloud\/es\/#website"},"datePublished":"2024-04-25T10:24:50+00:00","dateModified":"2024-05-02T08:54:06+00:00","description":"Rellena el formulario para recibir por correo las novedades de Geko Cloud","breadcrumb":{"@id":"https:\/\/geko.cloud\/es\/newsletter\/#breadcrumb"},"inLanguage":"es","potentialAction":[{"@type":"ReadAction","target":["https:\/\/geko.cloud\/es\/newsletter\/"]}]},{"@type":"BreadcrumbList","@id":"https:\/\/geko.cloud\/es\/newsletter\/#breadcrumb","itemListElement":[{"@type":"ListItem","position":1,"name":"Portada","item":"https:\/\/geko.cloud\/es\/"},{"@type":"ListItem","position":2,"name":"Newsletter"}]},{"@type":"WebSite","@id":"https:\/\/geko.cloud\/es\/#website","url":"https:\/\/geko.cloud\/es\/","name":"Geko Cloud","description":"Servicios de consultor\u00eda cloud y devops","publisher":{"@id":"https:\/\/geko.cloud\/es\/#organization"},"potentialAction":[{"@type":"SearchAction","target":{"@type":"EntryPoint","urlTemplate":"https:\/\/geko.cloud\/es\/?s={search_term_string}"},"query-input":"required name=search_term_string"}],"inLanguage":"es"},{"@type":"Organization","@id":"https:\/\/geko.cloud\/es\/#organization","name":"Geko Cloud","url":"https:\/\/geko.cloud\/es\/","logo":{"@type":"ImageObject","inLanguage":"es","@id":"https:\/\/geko.cloud\/es\/#\/schema\/logo\/image\/","url":"https:\/\/geko.cloud\/wp-content\/uploads\/2021\/10\/geko_logo-positivo.png","contentUrl":"https:\/\/geko.cloud\/wp-content\/uploads\/2021\/10\/geko_logo-positivo.png","width":1650,"height":809,"caption":"Geko Cloud"},"image":{"@id":"https:\/\/geko.cloud\/es\/#\/schema\/logo\/image\/"},"sameAs":["https:\/\/x.com\/geko_cloud","https:\/\/www.instagram.com\/gekocloud\/","https:\/\/www.linkedin.com\/company\/gekocloud","https:\/\/www.youtube.com\/channel\/UC5EFLCqUM7fEaXSa_0nWowQ"]}]}},"_links":{"self":[{"href":"https:\/\/geko.cloud\/es\/wp-json\/wp\/v2\/pages\/9619"}],"collection":[{"href":"https:\/\/geko.cloud\/es\/wp-json\/wp\/v2\/pages"}],"about":[{"href":"https:\/\/geko.cloud\/es\/wp-json\/wp\/v2\/types\/page"}],"author":[{"embeddable":true,"href":"https:\/\/geko.cloud\/es\/wp-json\/wp\/v2\/users\/2"}],"replies":[{"embeddable":true,"href":"https:\/\/geko.cloud\/es\/wp-json\/wp\/v2\/comments?post=9619"}],"version-history":[{"count":16,"href":"https:\/\/geko.cloud\/es\/wp-json\/wp\/v2\/pages\/9619\/revisions"}],"predecessor-version":[{"id":9652,"href":"https:\/\/geko.cloud\/es\/wp-json\/wp\/v2\/pages\/9619\/revisions\/9652"}],"wp:attachment":[{"href":"https:\/\/geko.cloud\/es\/wp-json\/wp\/v2\/media?parent=9619"}],"curies":[{"name":"wp","href":"https:\/\/api.w.org\/{rel}","templated":true}]}}