{"id":3,"date":"2021-07-27T06:35:47","date_gmt":"2021-07-27T06:35:47","guid":{"rendered":"http:\/\/geko2.factoryfy.com\/?page_id=3"},"modified":"2022-10-26T13:38:23","modified_gmt":"2022-10-26T11:38:23","slug":"politica-de-privacidad","status":"publish","type":"page","link":"https:\/\/geko.cloud\/es\/politica-de-privacidad\/","title":{"rendered":"Pol\u00edtica de privacidad"},"content":{"rendered":"\t\t<div data-elementor-type=\"wp-page\" data-elementor-id=\"3\" class=\"elementor elementor-3\" data-elementor-settings=\"[]\">\n\t\t\t\t\t\t<div class=\"elementor-inner\">\n\t\t\t\t\t\t\t<div class=\"elementor-section-wrap\">\n\t\t\t\t\t\t\t<section class=\"elementor-section elementor-top-section elementor-element elementor-element-51de73b elementor-section-height-min-height elementor-section-boxed elementor-section-height-default elementor-section-items-middle\" data-id=\"51de73b\" data-element_type=\"section\" data-settings=\"{&quot;background_background&quot;:&quot;classic&quot;}\">\n\t\t\t\t\t\t\t<div class=\"elementor-background-overlay\"><\/div>\n\t\t\t\t\t\t\t<div class=\"elementor-container elementor-column-gap-default\">\n\t\t\t\t\t\t\t<div class=\"elementor-row\">\n\t\t\t\t\t<div class=\"elementor-column elementor-col-50 elementor-top-column elementor-element elementor-element-804eae6\" data-id=\"804eae6\" data-element_type=\"column\">\n\t\t\t<div class=\"elementor-column-wrap elementor-element-populated\">\n\t\t\t\t\t\t\t<div class=\"elementor-widget-wrap\">\n\t\t\t\t\t\t\t\t<\/div>\n\t\t\t\t\t<\/div>\n\t\t<\/div>\n\t\t\t\t<div class=\"elementor-column elementor-col-50 elementor-top-column elementor-element elementor-element-7d8a06f elementor-hidden-tablet elementor-hidden-phone\" data-id=\"7d8a06f\" data-element_type=\"column\">\n\t\t\t<div class=\"elementor-column-wrap\">\n\t\t\t\t\t\t\t<div class=\"elementor-widget-wrap\">\n\t\t\t\t\t\t\t\t<\/div>\n\t\t\t\t\t<\/div>\n\t\t<\/div>\n\t\t\t\t\t\t\t\t<\/div>\n\t\t\t\t\t<\/div>\n\t\t<\/section>\n\t\t\t\t<section class=\"elementor-section elementor-top-section elementor-element elementor-element-d50d055 elementor-section-boxed elementor-section-height-default elementor-section-height-default\" data-id=\"d50d055\" data-element_type=\"section\">\n\t\t\t\t\t\t<div class=\"elementor-container elementor-column-gap-default\">\n\t\t\t\t\t\t\t<div class=\"elementor-row\">\n\t\t\t\t\t<div class=\"elementor-column elementor-col-100 elementor-top-column elementor-element elementor-element-4908f17\" data-id=\"4908f17\" data-element_type=\"column\">\n\t\t\t<div class=\"elementor-column-wrap elementor-element-populated\">\n\t\t\t\t\t\t\t<div class=\"elementor-widget-wrap\">\n\t\t\t\t\t\t<div class=\"elementor-element elementor-element-ff3bc7d elementor-widget elementor-widget-text-editor\" data-id=\"ff3bc7d\" data-element_type=\"widget\" data-widget_type=\"text-editor.default\">\n\t\t\t\t<div class=\"elementor-widget-container\">\n\t\t\t\t\t\t\t\t<div class=\"elementor-text-editor elementor-clearfix\">\n\t\t\t\t<p><b><span lang=\"ES-TRAD\">1. Recogida, tratamiento y uso de los datos personales en la web:<\/span><\/b><\/p>\n<p><span lang=\"ES-TRAD\">En base a lo dispuesto en el Reglamento General de Protecci\u00f3n de Datos 2016\/679 (RGPD) y en la Ley Org\u00e1nica 3\/2018, de Protecci\u00f3n de Datos Personales y garant\u00eda de derechos digitales (LOPDGDD), le informamos que para hacer uso algunos de los servicios que les ofrece nuestra web, puede ser necesario que nos suministre determinados datos de car\u00e1cter personal que ser\u00e1n incorporados a ficheros automatizados.<\/span><\/p>\n<p><span lang=\"ES-TRAD\">Cumpliendo con las nuevas disposiciones del Reglamento (UE) 2016\/679 del PE y del Consejo de 27 de Abril de 2016 y de la Ley Org\u00e1nica 3\/2018, de 5 de diciembre, de Protecci\u00f3n de Datos Personales y garant\u00eda de derechos digitales, relativas a la protecci\u00f3n de las personas f\u00edsicas en lo que respecta al tratamiento de datos personales y a la libre circulaci\u00f3n de estos datos y por el que se deroga la Directiva 95\/46\/CE, le informamos que el responsable del tratamiento de los datos es:<\/span><\/p>\n<p><span lang=\"ES-TRAD\">Denominaci\u00f3n social: GEKO CLOUD, S.L.<\/span><\/p>\n<p><span lang=\"ES-TRAD\">NIF: B67177329<\/span><\/p>\n<p><span lang=\"ES-TRAD\">Domicilio principal: C\/ZAMORA, 103-105, 5\u00ba, 3\u00aa, &#8211; 08018 BARCELONA (Barcelona). E-mail: marketing@geko.cloud.<\/span><\/p>\n<p><span lang=\"ES-TRAD\">Correo electr\u00f3nico: marketing@geko.cloud<\/span><\/p>\n<p><span lang=\"ES-TRAD\">Tel\u00e9fono de contacto: 933941026<\/span><\/p>\n<p><span lang=\"ES-TRAD\">P\u00e1gina web:&nbsp;<a href=\"http:\/\/www.geko.cloud\/es\" target=\"_blank\" rel=\"noopener\">www.geko.cloud\/es<\/a><\/span><\/p>\n<p><span lang=\"ES-TRAD\">Para realizar cualquier tipo de observaci\u00f3n respecto a posibles incumplimientos de los derechos de propiedad intelectual o industrial, as\u00ed como sobre cualquiera de los contenidos del sitio web, puede hacerlo poni\u00e9ndose en contacto con la empresa a trav\u00e9s de cualquiera de los medios indicados anteriormente.<\/span><\/p>\n<p><span lang=\"ES-TRAD\">Los contenidos del Sitio Web tienen como finalidad informar a los usuarios, de los servicios ofrecidos por la empresa como consecuencia de las solicitudes, gestiones o tr\u00e1mites que el Usuario realice mediante la web. Los datos objeto de tratamiento ser\u00e1n aquellos que nos facilite a trav\u00e9s de los formularios que en cada momento contenga la p\u00e1gina o a trav\u00e9s de los correos electr\u00f3nicos que el Usuario dirija a las direcciones de correo electr\u00f3nico identificadas en la misma, as\u00ed como aquellos otros que se generen durante el mantenimiento de la relaci\u00f3n correspondiente.<\/span><\/p>\n<p><span lang=\"ES-TRAD\">Todos los campos que aparecen se\u00f1alados como obligatorios en cualquiera de los formularios deber\u00e1n ser cumplimentados necesariamente, de tal modo que la omisi\u00f3n de alguno de ellos podr\u00e1 comportar la imposibilidad de que podamos atender su solicitud o prestarle los servicios correspondientes.<\/span><\/p>\n<p><span lang=\"ES-TRAD\">Adicionalmente, durante dicha recogida de datos, es posible que se solicite su consentimiento para otra serie de finalidades que no guardan una relaci\u00f3n directa con el servicio o la relaci\u00f3n correspondiente. En el caso de que no est\u00e9 de acuerdo con dichos tratamientos adicionales, marque la casilla destinada al efecto seg\u00fan corresponda.<\/span><\/p>\n<p><span lang=\"ES-TRAD\">Solicitantes de informaci\u00f3n: Los datos personales utilizados en estos casos proceden del propio interesado, el cual los proporciona a GEKO CLOUD, S.L. al completar el formulario de contacto contenido en el Sitio Web, al efectuar una llamada telef\u00f3nica, o al enviar un correo.<\/span><\/p>\n<p><span lang=\"ES-TRAD\">Estos datos se utilizan con la finalidad de resolver las consultas y proporcionar informaci\u00f3n a aquellos que lo demanden o lo autoricen expresamente, principalmente por medio del correo electr\u00f3nico.<\/span><\/p>\n<p><span lang=\"ES-TRAD\">La persona que acceda a este Sitio Web (en adelante, el Usuario), asegura que tiene la edad m\u00ednima legal establecida por el Reglamento General de Protecci\u00f3n de Datos 679\/2016 (14 a\u00f1os) o por la normativa nacional que le sea de aplicaci\u00f3n para otorgar el consentimiento en relaci\u00f3n con los Servicios de la Sociedad de la Informaci\u00f3n.<\/span><\/p>\n<p><span lang=\"ES-TRAD\">Mediante el acceso a este Sitio Web, el Usuario acepta expresamente todas las cl\u00e1usulas de su informaci\u00f3n legal, de esta pol\u00edtica de privacidad, y de su pol\u00edtica de cookies, as\u00ed como de todas aquellas condiciones particulares recogidas para la utilizaci\u00f3n de determinados servicios. En caso de no aceptar alguna de las citadas cl\u00e1usulas, el Usuario deber\u00e1 abstenerse de acceder a este Sitio Web.<\/span><\/p>\n<p><span lang=\"ES-TRAD\">Al acceder el Usuario a las cuentas de GEKO CLOUD, S.L. en las redes sociales acepta el tratamiento de sus datos personales por parte de las mismas seg\u00fan sus pol\u00edticas de privacidad: Pol\u00edtica de privacidad de REDESOCIALES<\/span><\/p>\n<p><b><span lang=\"ES-TRAD\">2. Finalidad del tratamiento de los datos personales:<\/span><\/b><\/p>\n<p><span lang=\"ES-TRAD\">2.1. \u00bfCon qu\u00e9 finalidad trataremos tus datos personales?<\/span><\/p>\n<p><span lang=\"ES-TRAD\">En GEKO CLOUD, S.L. trataremos tus datos personales, recabados a trav\u00e9s del Sitio Web con las siguientes finalidades:<\/span><\/p>\n<p><span lang=\"ES-TRAD\">\u2013 Env\u00edo de informaci\u00f3n solicitada a trav\u00e9s de los formularios de contacto dispuestos en el Sitio Web para la finalidad solicitar cualquier tipo de consulta relacionada con los productos o servicios que presta la empresa.<\/span><\/p>\n<p><span lang=\"ES-TRAD\">\u2013 Analizar el perfil del usuario con el motivo de optimizar, medir y personalizar el uso del Sitio Web.<\/span><\/p>\n<p><span lang=\"ES-TRAD\">\u2013 Recogida de datos y curr\u00edculos vitae de personas interesadas en participar en los procesos de selecci\u00f3n de personal para la contrataci\u00f3n de empleados en la empresa.<\/span><\/p>\n<p align=\"left\"><span lang=\"ES-TRAD\">\u2013 Remitir boletines -newsletters- , as\u00ed como comunicaciones comerciales de promociones y\/o publicidad del Sitio Web.<\/span><\/p>\n<p><span lang=\"ES-TRAD\">Asimismo, te recordamos que puedes oponerte al env\u00edo de comunicaciones comerciales por cualquier v\u00eda y en cualquier momento, dirigi\u00e9ndote a GEKO CLOUD, S.L.<\/span><\/p>\n<p><span lang=\"ES-TRAD\">Los campos de dichos registros son de cumplimentaci\u00f3n obligatoria, siendo imposible realizar las finalidades expresadas si no se aportan esos datos.<\/span><\/p>\n<p><span lang=\"ES-TRAD\">2.2. \u00bfPor cu\u00e1nto tiempo se conservan los datos personales recabados?<\/span><\/p>\n<p><span lang=\"ES-TRAD\">Los datos personales proporcionados se conservar\u00e1n mientras se gestiona su comunicaci\u00f3n y\/o no solicites su supresi\u00f3n y durante el tiempo m\u00ednimo necesario para cumplir con las obligaciones legales o pudieran derivarse responsabilidades legales por los servicios prestados.<\/span><\/p>\n<p><b><span lang=\"ES-TRAD\">3. Legitimaci\u00f3n:<\/span><\/b><\/p>\n<p><span lang=\"ES-TRAD\">El tratamiento de tus datos se realiza con las siguientes bases jur\u00eddicas que legitiman el mismo:<\/span><\/p>\n<p><span lang=\"ES-TRAD\">\u2013 El consentimiento libre, espec\u00edfico, informado e inequ\u00edvoco, en tanto que te informamos poniendo a tu disposici\u00f3n la presente pol\u00edtica de privacidad, que tras la lectura de la misma, en caso de estar conforme, puedes aceptar mediante una declaraci\u00f3n o una clara acci\u00f3n afirmativa, como el marcado de una casilla dispuesta al efecto.<\/span><\/p>\n<p><span lang=\"ES-TRAD\">En caso de que no nos facilites tus datos o los hagas de forma err\u00f3nea o incompleta, no podremos atender tu solicitud, resultando del todo imposible proporcionarte la informaci\u00f3n solicitada o llevar a cabo la contrataci\u00f3n de los servicios.<\/span><\/p>\n<p><b><span lang=\"ES-TRAD\">4. Garant\u00eda:<\/span><\/b><\/p>\n<p><span lang=\"ES-TRAD\">El Usuario garantiza que los datos aportados son verdaderos, exactos, completos y actualizados, siendo responsable de cualquier da\u00f1o o perjuicio, directo o indirecto, que pudiera ocasionarse como consecuencia del incumplimiento de tal obligaci\u00f3n. En el caso de que los datos aportados pertenecieran a un tercero, el Usuario garantiza que ha informado a dicho tercero y obtenido su autorizaci\u00f3n para facilitar sus datos personales a GEKO CLOUD, S.L.<\/span><\/p>\n<p><b><span lang=\"ES-TRAD\">5. Conservaci\u00f3n de los datos:<\/span><\/b><\/p>\n<p><span lang=\"ES-TRAD\">Sus datos se conservar\u00e1n mientras se mantenga la relaci\u00f3n contractual o durante los a\u00f1os necesarios para cumplir con las obligaciones legales, mientras no solicite su cese o durante el tiempo necesario para la realizaci\u00f3n de los fines necesarios para los recabados.<\/span><\/p>\n<p><b><span lang=\"ES-TRAD\">6. Destinatarios:<\/span><\/b><\/p>\n<p><span lang=\"ES-TRAD\">Sus datos ser\u00e1n conservados bajo estrictas medidas de seguridad que garanticen la confidencialidad y la seguridad de los mismos. Del mismo modo, s\u00f3lo ser\u00e1n cedidos a las entidades y para las finalidades siguientes:<\/span><\/p>\n<p><span lang=\"ES-TRAD\">-Entidades y proveedores que prestan servicios a GEKO CLOUD, S.L. para la correcta realizaci\u00f3n de estos servicios. Dichas entidades y proveedores se encuentran debidamente acreditados y firman con nosotros el correspondiente contrato de tratamiento de datos en cumplimiento de la normativa de protecci\u00f3n de datos vigente.<\/span><\/p>\n<p><span lang=\"ES-TRAD\">-Organismos y entidades oficiales en cumplimiento de las normativas y leyes vigentes.<\/span><\/p>\n<p><span lang=\"ES-TRAD\">Destinatarios fuera de la Uni\u00f3n Europea: GEKO CLOUD, S.L. no cede datos personales a terceros ni contrata con proveedores prestadores de servicios fuera de la Uni\u00f3n Europea..<\/span><\/p>\n<p><span lang=\"ES-TRAD\">Los datos no se comunicar\u00e1n a ning\u00fan tercero ajeno a GEKO CLOUD, S.L., fuera de los casos anteriormente descritos, salvo obligaci\u00f3n legal o autorizaci\u00f3n previa.<\/span><\/p>\n<p><span lang=\"ES-TRAD\">Destinatarios fuera de la Uni\u00f3n Europea: GEKO CLOUD, S.L. no cede datos personales a terceros ni contrata con proveedores prestadores de servicios fuera de la Uni\u00f3n Europea.<\/span><\/p>\n<p><b><span lang=\"ES-TRAD\">7. Derechos:<\/span><\/b><\/p>\n<p><span lang=\"ES-TRAD\">Como interesado que nos has proporcionado tus datos personales, tienes pleno derecho a obtener confirmaci\u00f3n sobre si en GEKO CLOUD, S.L. estamos tratando tus datos personales, y en concreto est\u00e1s facultado para ejercitar los siguientes derechos que la normativa en materia de protecci\u00f3n de datos te reconoce, conforme a lo previsto en la misma:<\/span><\/p>\n<p><span lang=\"ES-TRAD\">\u2013 Derecho de ACCESO a tus datos personales.<\/span><\/p>\n<p><span lang=\"ES-TRAD\">\u2013 Derechos de solicitar la RECTIFICACI\u00d3N de los datos inexactos.<\/span><\/p>\n<p><span lang=\"ES-TRAD\">\u2013 Derecho de solicitar su SUPRESI\u00d3N cuando, entre otros motivos, los datos ya no sean necesarios para los fines que fueron recogidos.<\/span><\/p>\n<p><span lang=\"ES-TRAD\">\u2013 En determinadas circunstancias, podr\u00e1s solicitar la LIMITACI\u00d3N DEL TRATAMIENTO de tus datos, en cuyo caso \u00fanicamente los conservaremos para el ejercicio o la defensa de reclamaciones.<\/span><\/p>\n<p><span lang=\"ES-TRAD\">\u2013 En determinadas circunstancias y por motivos relacionados con su situaci\u00f3n particular, los interesados podr\u00e1n ejercitar su derecho de OPOSICI\u00d3N al tratamiento de sus datos. Dejaremos de tratar los datos, salvo por motivos leg\u00edtimos imperiosos, o el ejercicio o la defensa de posibles reclamaciones.<\/span><\/p>\n<p><span lang=\"ES-TRAD\">\u2013 En determinadas circunstancias y por motivos relacionados con tu situaci\u00f3n particular, podr\u00e1s solicitar su derecho a la PORTABILIDAD de los datos.<\/span><\/p>\n<p><span lang=\"ES-TRAD\">Podr\u00e1s ejercer tales derechos o solicitar informaci\u00f3n adicional presentando copia de un documento identificativo y exponiendo brevemente su caso y el derecho que quiere ejercer, mediante carta dirigida a GEKO CLOUD, S.L. mediante carta dirigida a la direcci\u00f3n principal situada en C\/Gran V\u00eda de les Corts Catalanes, 872, M\u00f3dulo 2,Planta 2, &#8211; 08018 BARCELONA (Barcelona). E-mail: marketing@geko.cloud, o a trav\u00e9s de la direcci\u00f3n de correo electr\u00f3nico marketing@geko.cloud.<\/span><\/p>\n<p><span lang=\"ES-TRAD\">Adem\u00e1s, en caso de que se haya vulnerado cualquiera de tus derechos, el interesado tiene derecho a presentar una reclamaci\u00f3n ante la Agencia Espa\u00f1ola de Protecci\u00f3n de Datos (AEPD), en C\/ Jorge Juan, 6, 28001-Madrid o a trav\u00e9s de la sede electr\u00f3nica de la AEPD: https:\/\/sedeagpd.gob.es\/sede-electronica-web\/.<\/span><\/p>\n<p><b><span lang=\"ES-TRAD\">8. Duraci\u00f3n y modificaci\u00f3n de la Pol\u00edtica de Privacidad:<\/span><\/b><\/p>\n<p><a href=\"https:\/\/www.protectionreport.com\/\">GEKO CLOUD, S.L.<\/a><span lang=\"ES-TRAD\">&nbsp;se reserva el derecho a modificar, total o parcialmente, la presente Pol\u00edtica de Privacidad, publicando los cambios en el Sitio Web. Asimismo, podr\u00e1 efectuar sin previo aviso las modificaciones que considere oportunas, pudiendo cambiar, suprimir o a\u00f1adir tanto los contenidos y servicios que presta, como la forma en la que \u00e9stos aparezcan presentados o localizados. En consecuencia, se entender\u00e1n como vigentes, las condiciones generales\/Pol\u00edticas que est\u00e9n publicadas en el momento en el que el Usuario acceda deber\u00e1 leerlas peri\u00f3dicamente.<\/span><\/p>\n<p><span lang=\"ES-TRAD\">Con independencia de lo dispuesto, GEKO CLOUD, S.L. podr\u00e1 dar por terminado, suspender o interrumpir, en cualquier momento sin necesidad de preaviso, el acceso a los contenidos del Sitio Web, sin posibilidad por parte del Usuario de exigir indemnizaci\u00f3n alguna.<\/span><\/p>\n<p>Aviso legal redactado y suministrado por&nbsp;<span lang=\"ES-TRAD\">PROTECTION REPORT S.L.,&nbsp;<\/span><span lang=\"ES-TRAD\"><a href=\"https:\/\/www.protectionreport.com\/\">empresa de RGPD<\/a><\/span><span lang=\"ES-TRAD\">,&nbsp;<\/span>qui\u00e9n se reserva las acciones legales que correspondan contra todo aquel que copie y utilice de forma ileg\u00edtima el contenido.<\/p>\n<div class=\"c-message_kit__attachments\">\n<div class=\"c-message_attachment\">&nbsp;<\/div>\n<\/div>\t\t\t\t\t<\/div>\n\t\t\t\t\t\t<\/div>\n\t\t\t\t<\/div>\n\t\t\t\t\t\t<\/div>\n\t\t\t\t\t<\/div>\n\t\t<\/div>\n\t\t\t\t\t\t\t\t<\/div>\n\t\t\t\t\t<\/div>\n\t\t<\/section>\n\t\t\t\t\t\t<\/div>\n\t\t\t\t\t\t<\/div>\n\t\t\t\t\t<\/div>\n\t\t","protected":false},"excerpt":{"rendered":"<p>1. Recogida, tratamiento y uso de los datos personales en la web: En base a lo dispuesto en el Reglamento General de Protecci\u00f3n de Datos 2016\/679 (RGPD) y en la Ley Org\u00e1nica 3\/2018, de Protecci\u00f3n de Datos Personales y garant\u00eda de derechos digitales (LOPDGDD), le informamos que para hacer uso algunos de los servicios que [&hellip;]<\/p>\n","protected":false},"author":2,"featured_media":0,"parent":0,"menu_order":0,"comment_status":"closed","ping_status":"closed","template":"","meta":{"inline_featured_image":false,"footnotes":""},"yoast_head":"<!-- This site is optimized with the Yoast SEO plugin v22.5 - https:\/\/yoast.com\/wordpress\/plugins\/seo\/ -->\n<title>Pol\u00edtica de privacidad - Geko Cloud<\/title>\n<meta name=\"robots\" content=\"noindex, nofollow\" \/>\n<meta property=\"og:locale\" content=\"es_ES\" \/>\n<meta property=\"og:type\" content=\"article\" \/>\n<meta property=\"og:title\" content=\"Pol\u00edtica de privacidad - Geko Cloud\" \/>\n<meta property=\"og:description\" content=\"1. Recogida, tratamiento y uso de los datos personales en la web: En base a lo dispuesto en el Reglamento General de Protecci\u00f3n de Datos 2016\/679 (RGPD) y en la Ley Org\u00e1nica 3\/2018, de Protecci\u00f3n de Datos Personales y garant\u00eda de derechos digitales (LOPDGDD), le informamos que para hacer uso algunos de los servicios que [&hellip;]\" \/>\n<meta property=\"og:url\" content=\"https:\/\/geko.cloud\/es\/politica-de-privacidad\/\" \/>\n<meta property=\"og:site_name\" content=\"Geko Cloud\" \/>\n<meta property=\"article:modified_time\" content=\"2022-10-26T11:38:23+00:00\" \/>\n<meta name=\"twitter:card\" content=\"summary_large_image\" \/>\n<meta name=\"twitter:site\" content=\"@geko_cloud\" \/>\n<script type=\"application\/ld+json\" class=\"yoast-schema-graph\">{\"@context\":\"https:\/\/schema.org\",\"@graph\":[{\"@type\":\"WebPage\",\"@id\":\"https:\/\/geko.cloud\/es\/politica-de-privacidad\/\",\"url\":\"https:\/\/geko.cloud\/es\/politica-de-privacidad\/\",\"name\":\"Pol\u00edtica de privacidad - Geko Cloud\",\"isPartOf\":{\"@id\":\"https:\/\/geko.cloud\/es\/#website\"},\"datePublished\":\"2021-07-27T06:35:47+00:00\",\"dateModified\":\"2022-10-26T11:38:23+00:00\",\"breadcrumb\":{\"@id\":\"https:\/\/geko.cloud\/es\/politica-de-privacidad\/#breadcrumb\"},\"inLanguage\":\"es\",\"potentialAction\":[{\"@type\":\"ReadAction\",\"target\":[\"https:\/\/geko.cloud\/es\/politica-de-privacidad\/\"]}]},{\"@type\":\"BreadcrumbList\",\"@id\":\"https:\/\/geko.cloud\/es\/politica-de-privacidad\/#breadcrumb\",\"itemListElement\":[{\"@type\":\"ListItem\",\"position\":1,\"name\":\"Portada\",\"item\":\"https:\/\/geko.cloud\/es\/\"},{\"@type\":\"ListItem\",\"position\":2,\"name\":\"Pol\u00edtica de privacidad\"}]},{\"@type\":\"WebSite\",\"@id\":\"https:\/\/geko.cloud\/es\/#website\",\"url\":\"https:\/\/geko.cloud\/es\/\",\"name\":\"Geko Cloud\",\"description\":\"Servicios de consultor\u00eda cloud y devops\",\"publisher\":{\"@id\":\"https:\/\/geko.cloud\/es\/#organization\"},\"potentialAction\":[{\"@type\":\"SearchAction\",\"target\":{\"@type\":\"EntryPoint\",\"urlTemplate\":\"https:\/\/geko.cloud\/es\/?s={search_term_string}\"},\"query-input\":\"required name=search_term_string\"}],\"inLanguage\":\"es\"},{\"@type\":\"Organization\",\"@id\":\"https:\/\/geko.cloud\/es\/#organization\",\"name\":\"Geko Cloud\",\"url\":\"https:\/\/geko.cloud\/es\/\",\"logo\":{\"@type\":\"ImageObject\",\"inLanguage\":\"es\",\"@id\":\"https:\/\/geko.cloud\/es\/#\/schema\/logo\/image\/\",\"url\":\"https:\/\/geko.cloud\/wp-content\/uploads\/2021\/10\/geko_logo-positivo.png\",\"contentUrl\":\"https:\/\/geko.cloud\/wp-content\/uploads\/2021\/10\/geko_logo-positivo.png\",\"width\":1650,\"height\":809,\"caption\":\"Geko Cloud\"},\"image\":{\"@id\":\"https:\/\/geko.cloud\/es\/#\/schema\/logo\/image\/\"},\"sameAs\":[\"https:\/\/x.com\/geko_cloud\",\"https:\/\/www.instagram.com\/gekocloud\/\",\"https:\/\/www.linkedin.com\/company\/gekocloud\",\"https:\/\/www.youtube.com\/channel\/UC5EFLCqUM7fEaXSa_0nWowQ\"]}]}<\/script>\n<!-- \/ Yoast SEO plugin. -->","yoast_head_json":{"title":"Pol\u00edtica de privacidad - Geko Cloud","robots":{"index":"noindex","follow":"nofollow"},"og_locale":"es_ES","og_type":"article","og_title":"Pol\u00edtica de privacidad - Geko Cloud","og_description":"1. Recogida, tratamiento y uso de los datos personales en la web: En base a lo dispuesto en el Reglamento General de Protecci\u00f3n de Datos 2016\/679 (RGPD) y en la Ley Org\u00e1nica 3\/2018, de Protecci\u00f3n de Datos Personales y garant\u00eda de derechos digitales (LOPDGDD), le informamos que para hacer uso algunos de los servicios que [&hellip;]","og_url":"https:\/\/geko.cloud\/es\/politica-de-privacidad\/","og_site_name":"Geko Cloud","article_modified_time":"2022-10-26T11:38:23+00:00","twitter_card":"summary_large_image","twitter_site":"@geko_cloud","schema":{"@context":"https:\/\/schema.org","@graph":[{"@type":"WebPage","@id":"https:\/\/geko.cloud\/es\/politica-de-privacidad\/","url":"https:\/\/geko.cloud\/es\/politica-de-privacidad\/","name":"Pol\u00edtica de privacidad - Geko Cloud","isPartOf":{"@id":"https:\/\/geko.cloud\/es\/#website"},"datePublished":"2021-07-27T06:35:47+00:00","dateModified":"2022-10-26T11:38:23+00:00","breadcrumb":{"@id":"https:\/\/geko.cloud\/es\/politica-de-privacidad\/#breadcrumb"},"inLanguage":"es","potentialAction":[{"@type":"ReadAction","target":["https:\/\/geko.cloud\/es\/politica-de-privacidad\/"]}]},{"@type":"BreadcrumbList","@id":"https:\/\/geko.cloud\/es\/politica-de-privacidad\/#breadcrumb","itemListElement":[{"@type":"ListItem","position":1,"name":"Portada","item":"https:\/\/geko.cloud\/es\/"},{"@type":"ListItem","position":2,"name":"Pol\u00edtica de privacidad"}]},{"@type":"WebSite","@id":"https:\/\/geko.cloud\/es\/#website","url":"https:\/\/geko.cloud\/es\/","name":"Geko Cloud","description":"Servicios de consultor\u00eda cloud y devops","publisher":{"@id":"https:\/\/geko.cloud\/es\/#organization"},"potentialAction":[{"@type":"SearchAction","target":{"@type":"EntryPoint","urlTemplate":"https:\/\/geko.cloud\/es\/?s={search_term_string}"},"query-input":"required name=search_term_string"}],"inLanguage":"es"},{"@type":"Organization","@id":"https:\/\/geko.cloud\/es\/#organization","name":"Geko Cloud","url":"https:\/\/geko.cloud\/es\/","logo":{"@type":"ImageObject","inLanguage":"es","@id":"https:\/\/geko.cloud\/es\/#\/schema\/logo\/image\/","url":"https:\/\/geko.cloud\/wp-content\/uploads\/2021\/10\/geko_logo-positivo.png","contentUrl":"https:\/\/geko.cloud\/wp-content\/uploads\/2021\/10\/geko_logo-positivo.png","width":1650,"height":809,"caption":"Geko Cloud"},"image":{"@id":"https:\/\/geko.cloud\/es\/#\/schema\/logo\/image\/"},"sameAs":["https:\/\/x.com\/geko_cloud","https:\/\/www.instagram.com\/gekocloud\/","https:\/\/www.linkedin.com\/company\/gekocloud","https:\/\/www.youtube.com\/channel\/UC5EFLCqUM7fEaXSa_0nWowQ"]}]}},"_links":{"self":[{"href":"https:\/\/geko.cloud\/es\/wp-json\/wp\/v2\/pages\/3"}],"collection":[{"href":"https:\/\/geko.cloud\/es\/wp-json\/wp\/v2\/pages"}],"about":[{"href":"https:\/\/geko.cloud\/es\/wp-json\/wp\/v2\/types\/page"}],"author":[{"embeddable":true,"href":"https:\/\/geko.cloud\/es\/wp-json\/wp\/v2\/users\/2"}],"replies":[{"embeddable":true,"href":"https:\/\/geko.cloud\/es\/wp-json\/wp\/v2\/comments?post=3"}],"version-history":[{"count":31,"href":"https:\/\/geko.cloud\/es\/wp-json\/wp\/v2\/pages\/3\/revisions"}],"predecessor-version":[{"id":9196,"href":"https:\/\/geko.cloud\/es\/wp-json\/wp\/v2\/pages\/3\/revisions\/9196"}],"wp:attachment":[{"href":"https:\/\/geko.cloud\/es\/wp-json\/wp\/v2\/media?parent=3"}],"curies":[{"name":"wp","href":"https:\/\/api.w.org\/{rel}","templated":true}]}}